{"id":8555,"date":"2021-12-02T15:14:05","date_gmt":"2021-12-02T13:14:05","guid":{"rendered":"https:\/\/wildmoral.com\/?page_id=8555"},"modified":"2023-02-03T14:22:28","modified_gmt":"2023-02-03T12:22:28","slug":"terms-and-conditions","status":"publish","type":"page","link":"https:\/\/wildmoral.com\/en\/terms-and-conditions\/","title":{"rendered":"Terms and Conditions"},"content":{"rendered":"\n<style type=\"text\/css\" data-created_by=\"avia_inline_auto\" id=\"style-css-av-3w4elu-1ca022cec35b0415d286a4850b4e53b9\">\n#top .av-special-heading.av-3w4elu-1ca022cec35b0415d286a4850b4e53b9{\npadding-bottom:10px;\n}\nbody .av-special-heading.av-3w4elu-1ca022cec35b0415d286a4850b4e53b9 .av-special-heading-tag .heading-char{\nfont-size:25px;\n}\n.av-special-heading.av-3w4elu-1ca022cec35b0415d286a4850b4e53b9 .av-subheading{\nfont-size:15px;\n}\n<\/style>\n<div  class='av-special-heading av-3w4elu-1ca022cec35b0415d286a4850b4e53b9 av-special-heading-h1 blockquote modern-quote modern-centered  avia-builder-el-0  el_before_av_one_full  avia-builder-el-first '><h1 class='av-special-heading-tag '  itemprop=\"headline\"  >TERMS AND CONDITIONS<\/h1><div class=\"special-heading-border\"><div class=\"special-heading-inner-border\"><\/div><\/div><\/div>\n\n<style type=\"text\/css\" data-created_by=\"avia_inline_auto\" id=\"style-css-av-2ztn1e-425994972eab86ce0f68fa4c40de5b05\">\n.flex_column.av-2ztn1e-425994972eab86ce0f68fa4c40de5b05{\nborder-radius:0px 0px 0px 0px;\npadding:0px 0px 0px 0px;\n}\n<\/style>\n<div  class='flex_column av-2ztn1e-425994972eab86ce0f68fa4c40de5b05 av_one_full  avia-builder-el-1  el_after_av_heading  avia-builder-el-last  first flex_column_div av-zero-column-padding  '     ><section  class='av_textblock_section av-kwoz21hy-ccf2ff092a2476421abe5d32bc1a842c '   itemscope=\"itemscope\" itemtype=\"https:\/\/schema.org\/CreativeWork\" ><div class='avia_textblock'  itemprop=\"text\" ><p><b>Terms and Conditions<\/b><\/p>\n<p><span style=\"font-weight: 400;\">La reserva de cualquier actividad organizada por WILDMORAL, conllevar\u00e1 necesariamente la aceptaci\u00f3n previa de estas Condiciones Generales, que se considerar\u00e1n autom\u00e1ticamente incorporadas al contrato.<\/span><\/p>\n<ol>\n<li><span style=\"font-weight: 400;\"> Sobre las partes del contrato<\/span><\/li>\n<\/ol>\n<p><span style=\"font-weight: 400;\">De una parte, CARLOS ENRIQUE L\u00d3PEZ CUBILLO, con DNI 70073559B y domicilio social en C\/ Madrid, 9, 28411, Moralzarzal, Madrid (Espa\u00f1a), responsable de la p\u00e1gina web www.wildmoral.com<\/span><\/p>\n<p><span style=\"font-weight: 400;\">De otra parte, la persona f\u00edsica o usuario que contacta por cualquiera de las v\u00edas de comunicaci\u00f3n disponibles o accede a la web para obtener informaci\u00f3n y en su caso contratar los servicios ofertados. Este usuario declara que es mayor de 18 a\u00f1os y tiene la capacidad legal para adquirir los servicios ofrecidos a trav\u00e9s de la presente p\u00e1gina web o anunciados en los diferentes canales de comunicaci\u00f3n de la empresa, de acuerdo a estas Condiciones Generales, que entiende y acepta en su totalidad.<\/span><\/p>\n<p><span style=\"font-weight: 400;\">El usuario deber\u00e1 leer atentamente este documento en cada ocasi\u00f3n que acceda o contrate servicios con la empresa, ya que estas condiciones podr\u00edan haber sufrido cambios desde su \u00faltima visita.<\/span><\/p>\n<p><span style=\"font-weight: 400;\">La venta online de cualquier producto de la web, realizada bien a trav\u00e9s de correo electr\u00f3nico u otros medios no exime al cliente de la obligaci\u00f3n de leer y aceptar dichas condiciones generales.<\/span><\/p>\n<p><span style=\"font-weight: 400;\">Con el dep\u00f3sito o reserva en firme del producto, el cliente acepta los siguientes derechos y obligaciones que figuran a continuaci\u00f3n.<\/span><\/p>\n<ol start=\"2\">\n<li><span style=\"font-weight: 400;\"> Sobre la legislaci\u00f3n aplicable<\/span><\/li>\n<\/ol>\n<p><span style=\"font-weight: 400;\">Las presentes Condiciones Generales est\u00e1n sujetas a lo dispuesto en el Real Decreto Legislativo 1\/2007, de 16 de noviembre por el que se aprueba el texto refundido de la Ley General para la defensa de los Consumidores y Usuarios y otras leyes complementarias. Igualmente ser\u00e1 aplicable la Ley 7\/1998, de 13 de abril de condiciones generales de contrataci\u00f3n.<\/span><\/p>\n<ol start=\"3\">\n<li><span style=\"font-weight: 400;\"> Inscripciones<\/span><\/li>\n<\/ol>\n<p>La reserva de cualquier actividad se realizar\u00e1 por cualquiera de los medios de contacto destinados a ello, ya sean los formularios de la p\u00e1gina web, el correo electr\u00f3nico o el tel\u00e9fono. La forma y plazos de pago se comunicar\u00e1n debidamente por esas mismas v\u00edas de contacto.<\/p>\n<p><span style=\"font-weight: 400;\">Estas Condiciones Generales podr\u00e1n verse anuladas o modificadas parcialmente por condiciones particulares espec\u00edficas que ata\u00f1an a una actividad en particular, generalmente motivadas por su complejidad o especificidad. En este caso, se informar\u00e1 debidamente de las condiciones particulares relativas a dicha actividad en el momento de la contrataci\u00f3n.<\/span><\/p>\n<ol start=\"5\">\n<li><span style=\"font-weight: 400;\"> Cesi\u00f3n de la reserva<\/span><\/li>\n<\/ol>\n<p><span style=\"font-weight: 400;\">5.1. El contratante podr\u00e1 ceder gratuitamente su reserva para cualquier actividad a una persona que re\u00fana todas las condiciones requeridas para el mismo. La cesi\u00f3n deber\u00e1 ser comunicada por escrito a WILDMORAL, con una antelaci\u00f3n m\u00ednima de 7 d\u00edas a la fecha de inicio de la actividad, salvo que las partes pacten un plazo menor en el contrato.<\/span><\/p>\n<p><span style=\"font-weight: 400;\">5.2. La persona que ceda su reserva en la actividad y el cesionario responder\u00e1n solidariamente ante WILDMORAL del pago del saldo del precio, as\u00ed como de los gastos adicionales justificados que pudiera haber causado dicha cesi\u00f3n.<\/span><\/p>\n<ol start=\"6\">\n<li><span style=\"font-weight: 400;\"> Informaci\u00f3n adicional de la actividad contratada<\/span><\/li>\n<\/ol>\n<p><span style=\"font-weight: 400;\">6.1. WILDMORAL facilitar\u00e1, por escrito o en cualquier otro formato en que quede constancia, y con el tiempo necesario antes del inicio de la actividad, a los consumidores y usuarios con los que hayan contratado, la siguiente informaci\u00f3n:<\/span><\/p>\n<ol>\n<li><span style=\"font-weight: 400;\">a) La fecha, horario y el punto de encuentro donde se realizar\u00e1 la actividad.<\/span><\/li>\n<li><span style=\"font-weight: 400;\">b) El nombre, direcci\u00f3n y n\u00famero de tel\u00e9fono de la representaci\u00f3n del organizador. Cuando no existan dichas representaciones, el consumidor y usuario deber\u00e1 poder disponer, en cualquier caso, de un n\u00famero de tel\u00e9fono de urgencia o de cualquier otra informaci\u00f3n que le permita ponerse en contacto con el organizador.<\/span><\/li>\n<li><span style=\"font-weight: 400;\">c) Para las actividades y estancias de menores en el extranjero, la informaci\u00f3n que permita establecer un contacto directo con \u00e9stos o los responsables de su estancia \u00abin situ\u00bb durante el viaje.<\/span><\/li>\n<li><span style=\"font-weight: 400;\">d) Informaci\u00f3n, de acuerdo con la legislaci\u00f3n vigente reguladora del seguro privado, sobre la suscripci\u00f3n facultativa de un contrato de seguro que cubra los gastos de cancelaci\u00f3n por el consumidor y usuario, o de un contrato de asistencia que cubra los gastos de repatriaci\u00f3n o traslado al lugar de origen, en caso de accidente, enfermedad o fallecimiento.<\/span><\/li>\n<\/ol>\n<p><span style=\"font-weight: 400;\">6.2. La informaci\u00f3n prevista en el apartado anterior se facilitar\u00e1 a m\u00e1s tardar al confirmarse la reserva.<\/span><\/p>\n<p><span style=\"font-weight: 400;\">6.3. Los productos de observaci\u00f3n de flora y fauna silvestres<\/span><\/p>\n<p><span style=\"font-weight: 400;\">Los productos de observaci\u00f3n de flora y fauna silvestres est\u00e1n circunscritos a estrictas garant\u00edas de confidencialidad. La reserva en firme de cualquier producto de flora y fauna silvestres conlleva el compromiso por parte del cliente de no desvelar datos de la ubicaci\u00f3n geogr\u00e1fica referentes a la especie animal o vegetal en cuesti\u00f3n<\/span>, ni volver solos o acompa\u00f1ados a ese lugar, durante al menos un a\u00f1o despu\u00e9s de su visita, con el objetivo de no interferir en las observaciones y servicios de terceros clientes.<\/p>\n<p><span style=\"font-weight: 400;\">El cliente asume el cumplimiento de la normativa vigente para la regulaci\u00f3n y protecci\u00f3n de la flora y fauna silvestres en el \u00e1mbito nacional y auton\u00f3mico, de forma que si del incumplimiento de dicha normativa y de las condiciones de confidencialidad anteriormente expuestas, se causaran da\u00f1os o perjuicios a WILDMORAL, as\u00ed como la interferencia en las actividades o productos de otros clientes, esta entidad se reserva el derecho a reclamar la indemnizaci\u00f3n correspondiente al infractor en su propio nombre o en nombre del cliente o los clientes perjudicados.<\/span><\/p>\n<ol start=\"7\">\n<li><span style=\"font-weight: 400;\"> Resoluci\u00f3n del contrato por el cliente<\/span><\/li>\n<\/ol>\n<p><span style=\"font-weight: 400;\">En todo momento el consumidor podr\u00e1 dejar sin efecto los servicios solicitados o contratados, teniendo derecho a la devoluci\u00f3n de las cantidades que hubiese abonado, pero deber\u00e1 indemnizar al organizador en las cuant\u00edas que a continuaci\u00f3n se indican, salvo que tal resoluci\u00f3n tenga lugar por causa de fuerza mayor debidamente justificada:<\/span><\/p>\n<p>a) La cantidad abonada en concepto de &#8220;reserva de plaza&#8221; no ser\u00e1 devuelta en el caso de que el consumidor anule su participaci\u00f3n en la actividad con menos de 48h de antelaci\u00f3n al inicio de la actividad, para las actividades de menos de 48h de duraci\u00f3n.<\/p>\n<p>b) La cantidad abonada en concepto de &#8220;reserva de plaza&#8221; no ser\u00e1 devuelta en el caso de que el consumidor anule su participaci\u00f3n en la actividad con menos de 10 d\u00edas de antelaci\u00f3n al inicio de la actividad, para las actividades de entre 48 y 72 horas de duraci\u00f3n.<\/p>\n<p>c) La cantidad abonada en concepto de &#8220;reserva de plaza&#8221; no ser\u00e1 devuelta en el caso de que el consumidor anule su participaci\u00f3n en la actividad con menos de 45 d\u00edas de antelaci\u00f3n al inicio de la actividad, para las actividades de m\u00e1s de 72 horas de duraci\u00f3n.<\/p>\n<p><span style=\"font-weight: 400;\">d) Adem\u00e1s, para las actividades de duraci\u00f3n superior a 48h, se abonar\u00e1 una penalizaci\u00f3n consistente en el 25 por ciento del importe total de la actividad, si la cancelaci\u00f3n se produce con m\u00e1s de diez y menos de quince d\u00edas de antelaci\u00f3n a la fecha de comienzo del viaje; el 50 por ciento entre los d\u00edas tres y diez, y el 75 por ciento dentro de las cuarenta y ocho horas anteriores a la salida.<\/span><\/p>\n<p><span style=\"font-weight: 400;\">e) En cualquier caso se abonar\u00e1 un 8% del contrato por gastos de gesti\u00f3n.<\/span><\/p>\n<p><span style=\"font-weight: 400;\">f) En el caso de que, por iniciativa del cliente, se hayan contratado servicios adicionales no incluidos en el paquete inicial se le aplicar\u00e1n los correspondientes gastos de anulaci\u00f3n si los hubiere, siempre correctamente justificados. De no presentarse a la salida, el cliente est\u00e1 obligado al pago del importe total de la actividad, abonando, en su caso, las cantidades pendientes salvo acuerdo entre las partes en otro sentido.<\/span><\/p>\n<p><span style=\"font-weight: 400;\">g) En el caso de que la actividad combinada estuviera sujeta a condiciones econ\u00f3micas especiales de contrataci\u00f3n, gastos no recuperables, los gastos de cancelaci\u00f3n se establecer\u00e1n de acuerdo con las condiciones acordadas entre las partes y la ley vigente.<\/span><\/p>\n<p style=\"padding-left: 40px;\"><span style=\"font-weight: 400;\">8. Cancelaci\u00f3n de la actividad por no alcanzar el n\u00famero de personas inscritas el m\u00ednimo previsto<\/span><\/p>\n<p><span style=\"font-weight: 400;\">En los casos en que WILDMORAL condicione, y as\u00ed lo especifique expresamente, la viabilidad de la actividad a un m\u00ednimo de participantes y, por no alcanzarse ese n\u00famero, se produzca la anulaci\u00f3n de la actividad, el usuario tendr\u00e1 derecho exclusivamente al reembolso del total del precio o de las cantidades anticipadas, sin que pueda reclamar cantidad alguna en concepto de indemnizaci\u00f3n, siempre y cuando se le haya notificado con un m\u00ednimo de 24 horas de antelaci\u00f3n a la fecha prevista de inicio de la actividad para las actividades de duraci\u00f3n inferior a 48 horas, y de 10 d\u00edas de antelaci\u00f3n para las actividades de duraci\u00f3n superior a 48 horas.<\/span><\/p>\n<ol start=\"9\">\n<li><span style=\"font-weight: 400;\"> Modificaciones y revisiones de las condiciones de la actividad<\/span><\/li>\n<\/ol>\n<p><span style=\"font-weight: 400;\">9.1. En el supuesto de que, antes del inicio de la actividad, WILDMORAL se vea obligada a modificar de manera significativa alg\u00fan elemento esencial del contrato, incluido el precio, deber\u00e1 ponerlo inmediatamente en conocimiento del consumidor.<\/span><\/p>\n<p><span style=\"font-weight: 400;\">9.2. En tal supuesto, y salvo que las partes convengan otra cosa, el consumidor podr\u00e1 optar entre resolver el contrato sin penalizaci\u00f3n alguna o aceptar una modificaci\u00f3n del contrato en el que se precisen las variaciones introducidas y su repercusi\u00f3n en el precio. El consumidor deber\u00e1 comunicar la decisi\u00f3n que adopte a WILDMORAL En el supuesto de que el consumidor no notifique su decisi\u00f3n en los t\u00e9rminos indicados, se entender\u00e1 que opta por la resoluci\u00f3n del contrato sin penalizaci\u00f3n alguna.<\/span><\/p>\n<p><span style=\"font-weight: 400;\">9.3. En el supuesto de que el consumidor opte por resolver el contrato, al amparo de lo previsto en el apartado 2, o de que WILDMORAL cancele la actividad antes de la fecha de inicio acordada, por cualquier motivo que no le sea imputable al consumidor, \u00e9ste tendr\u00e1 derecho, desde el momento en que se produzca la resoluci\u00f3n del contrato, al reembolso de todas las cantidades pagadas, con arreglo al mismo, o bien a la realizaci\u00f3n de otra actividad de valor equiparable, siempre que WILDMORAL pueda propon\u00e9rselo. En el supuesto de que la actividad ofrecida estuviera valorada en un precio m\u00e1s bajo, WILDMORAL deber\u00e1 reembolsar al consumidor, cuando proceda, en funci\u00f3n de las cantidades ya desembolsadas, la diferencia de precio, con arreglo al contrato. Este mismo derecho corresponder\u00e1 al consumidor que no obtuviese confirmaci\u00f3n de la reserva en los t\u00e9rminos estipulados en el contrato.<\/span><\/p>\n<p><span style=\"font-weight: 400;\">9.4. En los anteriores supuestos, WILDMORAL. ser\u00e1 responsable del pago al consumidor de la indemnizaci\u00f3n que, en su caso, corresponda por incumplimiento del contrato, que ser\u00e1 del 5 por cien del precio total de la actividad contratada, si el citado incumplimiento se produce entre los dos meses y quince d\u00edas inmediatamente anteriores a la fecha prevista de realizaci\u00f3n del viaje; el 10 por cien si se produce entre los quince d\u00edas y tres d\u00edas anteriores, y el 25 por cien en el supuesto de que el incumplimiento citado se produzca en las cuarenta y ocho horas anteriores.<\/span><\/p>\n<p><span style=\"font-weight: 400;\">9.5. No existir\u00e1 obligaci\u00f3n de indemnizar en los siguientes supuestos:<\/span><\/p>\n<p><span style=\"font-weight: 400;\">a) Cuando la cancelaci\u00f3n se deba a que el n\u00famero de personas inscritas para la actividad sea inferior al exigido y as\u00ed se comunique por escrito al consumidor y usuario antes de la fecha l\u00edmite fijada a tal fin en el contrato, que como m\u00ednimo ser\u00e1 de 24 horas de antelaci\u00f3n a la fecha prevista de inicio de la actividad para las actividades de duraci\u00f3n inferior a 48 horas, y de 5 d\u00edas de antelaci\u00f3n para las actividades de duraci\u00f3n superior a 48 horas.<\/span><\/p>\n<p><span style=\"font-weight: 400;\">b) Cuando la cancelaci\u00f3n de la actividad se deba a motivos de fuerza mayor, entendiendo por tales aquellas circunstancias ajenas a quien las invoca, anormales e imprevisibles cuyas consecuencias no habr\u00edan podido evitarse, a pesar de haber actuado con la diligencia debida. Este supuesto no incluye, en ning\u00fan caso, la anulaci\u00f3n de una actividad por exceso de reservas.<\/span><\/p>\n<ol start=\"10\">\n<li><span style=\"font-weight: 400;\"> Obligaci\u00f3n del consumidor de comunicar todo incumplimiento en la ejecuci\u00f3n del contrato<\/span><\/li>\n<\/ol>\n<p><span style=\"font-weight: 400;\">10.1. El consumidor est\u00e1 obligado a comunicar a WILDMORAL o, en su caso, al prestador del servicio de que se trate, todo incumplimiento en la ejecuci\u00f3n del contrato a la mayor brevedad posible -por escrito o en cualquier otra forma en que quede constancia.<\/span><\/p>\n<p><span style=\"font-weight: 400;\">10.2. En el caso de que las soluciones arbitradas por el organizador no sean satisfactorias para el consumidor, \u00e9ste dispondr\u00e1 del plazo de un mes para reclamar ante WILDMORAL, siempre a trav\u00e9s de dicho organizador. WILDMORAL dispondr\u00e1 de cuarenta y cinco d\u00edas naturales para dar respuesta a la reclamaci\u00f3n planteada por el consumidor, plazo que comenzar\u00e1 a contarse a partir del d\u00eda siguiente a la presentaci\u00f3n de la reclamaci\u00f3n ante el organizador.<\/span><\/p>\n<ol start=\"11\">\n<li><span style=\"font-weight: 400;\"> Incumplimiento, responsabilidad y garant\u00edas. Consecuencias de la no prestaci\u00f3n de servicios<\/span><\/li>\n<\/ol>\n<p><span style=\"font-weight: 400;\">11.1. En el caso de que, despu\u00e9s del inicio de la actividad, WILDMORAL no suministre o compruebe que no puede suministrar una parte importante de los servicios previstos en el contrato, adoptar\u00e1 las soluciones adecuadas para la continuaci\u00f3n de la actividad, sin suplemento alguno de precio para el consumidor y usuario, y, en su caso, abonar\u00e1 a este \u00faltimo el importe de la diferencia entre las prestaciones previstas y las suministradas. Si el consumidor y usuario contin\u00faa la actividad con las soluciones dadas por el organizador se considerar\u00e1 que acepta t\u00e1citamente dichas propuestas.<\/span><\/p>\n<p><span style=\"font-weight: 400;\">11.2. Si las soluciones adoptadas por WILDMORAL no fueran aceptadas por el cliente por motivos razonables, aqu\u00e9l deber\u00e1 facilitar a \u00e9ste, sin suplemento alguno de precio, un medio de transporte equivalente al utilizado en el viaje para regresar al lugar de salida o a cualquier otro que ambos hayan convenido, sin perjuicio de la indemnizaci\u00f3n que en su caso proceda.<\/span><\/p>\n<p><span style=\"font-weight: 400;\">11.3. En caso de reclamaci\u00f3n, WILDMORAL actuar\u00e1 con diligencia para encontrar una soluci\u00f3n adecuada y satisfactoria para las partes.<\/span><\/p>\n<p><strong>Responsabilidad de WILDMORAL<\/strong><\/p>\n<ol>\n<li><span style=\"font-weight: 400;\">WILDMORAL responder\u00e1 frente al cliente, en funci\u00f3n de las obligaciones que le correspondan por su \u00e1mbito respectivo de gesti\u00f3n de la actividad, del correcto cumplimiento de las obligaciones derivadas del contrato, con independencia de que \u00e9stas las deban ejecutar ellos mismos u otros prestadores de servicios, y sin perjuicio del derecho de WILDMORAL a actuar contra dichos prestadores de servicios.<\/span><\/li>\n<li><span style=\"font-weight: 400;\">WILDMORAL responder\u00e1 asimismo de los da\u00f1os sufridos por el consumidor y usuario como consecuencia de la no ejecuci\u00f3n o ejecuci\u00f3n deficiente del contrato. Dicha responsabilidad cesar\u00e1 cuando concurra alguna de las siguientes circunstancias:<\/span><\/li>\n<\/ol>\n<p style=\"padding-left: 40px;\"><span style=\"font-weight: 400;\">a) Que los defectos observados en la ejecuci\u00f3n del contrato sean imputables al consumidor y usuario.<\/span><\/p>\n<p style=\"padding-left: 40px;\"><span style=\"font-weight: 400;\">b) Que dichos defectos sean imputables a un tercero ajeno al suministro de las prestaciones previstas en el contrato y revistan un car\u00e1cter imprevisible o insuperable.<\/span><\/p>\n<p style=\"padding-left: 40px;\"><span style=\"font-weight: 400;\">c) Que los defectos aludidos se deban a motivos de fuerza mayor, entendiendo por tales aquellas circunstancias ajenas a quien las invoca, anormales e imprevisibles cuyas consecuencias no habr\u00edan podido evitarse, a pesar de haber actuado con la diligencia debida.<\/span><\/p>\n<p style=\"padding-left: 40px;\"><span style=\"font-weight: 400;\">d) Que los defectos se deban a un acontecimiento que WILDMORAL, a pesar de haber puesto toda la diligencia necesaria, no pod\u00eda prever ni superar. En los supuestos de exclusi\u00f3n de responsabilidad por darse alguna de las circunstancias previstas en los p\u00e1rrafos b), c) y d), el organizador y el detallista que sean parte en el contrato estar\u00e1n obligados, no obstante, a prestar la necesaria asistencia al consumidor y usuario que se encuentre en dificultades.<\/span><\/p>\n<p style=\"padding-left: 40px;\"><span style=\"font-weight: 400;\">3. El resarcimiento de los da\u00f1os, que resulten del incumplimiento o de la mala ejecuci\u00f3n de las prestaciones incluidas en la actividad, quedar\u00e1 limitado con arreglo a lo previsto en los convenios reguladores de dichas prestaciones.<\/span><\/p>\n<\/div><\/section><\/div>\n","protected":false},"excerpt":{"rendered":"","protected":false},"author":10,"featured_media":0,"parent":0,"menu_order":0,"comment_status":"closed","ping_status":"closed","template":"","meta":{"_joinchat":[],"footnotes":""},"class_list":["post-8555","page","type-page","status-publish","hentry"],"yoast_head":"<!-- This site is optimized with the Yoast SEO plugin v27.4 - https:\/\/yoast.com\/product\/yoast-seo-wordpress\/ -->\n<title>Terms and Conditions | Wildmoral<\/title>\n<meta name=\"robots\" content=\"index, follow, max-snippet:-1, max-image-preview:large, max-video-preview:-1\" \/>\n<link rel=\"canonical\" href=\"https:\/\/wildmoral.com\/en\/terms-and-conditions\/\" \/>\n<meta property=\"og:locale\" content=\"en_US\" \/>\n<meta property=\"og:type\" content=\"article\" \/>\n<meta property=\"og:title\" content=\"Terms and Conditions | Wildmoral\" \/>\n<meta property=\"og:url\" content=\"https:\/\/wildmoral.com\/en\/terms-and-conditions\/\" \/>\n<meta property=\"og:site_name\" content=\"Wildmoral\" \/>\n<meta property=\"article:modified_time\" content=\"2023-02-03T12:22:28+00:00\" \/>\n<meta name=\"twitter:card\" content=\"summary_large_image\" \/>\n<meta name=\"twitter:label1\" content=\"Est. reading time\" \/>\n\t<meta name=\"twitter:data1\" content=\"15 minutes\" \/>\n<script type=\"application\/ld+json\" class=\"yoast-schema-graph\">{\"@context\":\"https:\\\/\\\/schema.org\",\"@graph\":[{\"@type\":\"WebPage\",\"@id\":\"https:\\\/\\\/wildmoral.com\\\/en\\\/terms-and-conditions\\\/\",\"url\":\"https:\\\/\\\/wildmoral.com\\\/en\\\/terms-and-conditions\\\/\",\"name\":\"Terms and Conditions | Wildmoral\",\"isPartOf\":{\"@id\":\"https:\\\/\\\/wildmoral.com\\\/en\\\/#website\"},\"datePublished\":\"2021-12-02T13:14:05+00:00\",\"dateModified\":\"2023-02-03T12:22:28+00:00\",\"breadcrumb\":{\"@id\":\"https:\\\/\\\/wildmoral.com\\\/en\\\/terms-and-conditions\\\/#breadcrumb\"},\"inLanguage\":\"en-US\",\"potentialAction\":[{\"@type\":\"ReadAction\",\"target\":[\"https:\\\/\\\/wildmoral.com\\\/en\\\/terms-and-conditions\\\/\"]}]},{\"@type\":\"BreadcrumbList\",\"@id\":\"https:\\\/\\\/wildmoral.com\\\/en\\\/terms-and-conditions\\\/#breadcrumb\",\"itemListElement\":[{\"@type\":\"ListItem\",\"position\":1,\"name\":\"Portada\",\"item\":\"https:\\\/\\\/wildmoral.com\\\/en\\\/\"},{\"@type\":\"ListItem\",\"position\":2,\"name\":\"Terms and Conditions\"}]},{\"@type\":\"WebSite\",\"@id\":\"https:\\\/\\\/wildmoral.com\\\/en\\\/#website\",\"url\":\"https:\\\/\\\/wildmoral.com\\\/en\\\/\",\"name\":\"Wildmoral\",\"description\":\"Turismo de naturaleza\",\"potentialAction\":[{\"@type\":\"SearchAction\",\"target\":{\"@type\":\"EntryPoint\",\"urlTemplate\":\"https:\\\/\\\/wildmoral.com\\\/en\\\/?s={search_term_string}\"},\"query-input\":{\"@type\":\"PropertyValueSpecification\",\"valueRequired\":true,\"valueName\":\"search_term_string\"}}],\"inLanguage\":\"en-US\"}]}<\/script>\n<!-- \/ Yoast SEO plugin. -->","yoast_head_json":{"title":"Terms and Conditions | Wildmoral","robots":{"index":"index","follow":"follow","max-snippet":"max-snippet:-1","max-image-preview":"max-image-preview:large","max-video-preview":"max-video-preview:-1"},"canonical":"https:\/\/wildmoral.com\/en\/terms-and-conditions\/","og_locale":"en_US","og_type":"article","og_title":"Terms and Conditions | Wildmoral","og_url":"https:\/\/wildmoral.com\/en\/terms-and-conditions\/","og_site_name":"Wildmoral","article_modified_time":"2023-02-03T12:22:28+00:00","twitter_card":"summary_large_image","twitter_misc":{"Est. reading time":"15 minutes"},"schema":{"@context":"https:\/\/schema.org","@graph":[{"@type":"WebPage","@id":"https:\/\/wildmoral.com\/en\/terms-and-conditions\/","url":"https:\/\/wildmoral.com\/en\/terms-and-conditions\/","name":"Terms and Conditions | Wildmoral","isPartOf":{"@id":"https:\/\/wildmoral.com\/en\/#website"},"datePublished":"2021-12-02T13:14:05+00:00","dateModified":"2023-02-03T12:22:28+00:00","breadcrumb":{"@id":"https:\/\/wildmoral.com\/en\/terms-and-conditions\/#breadcrumb"},"inLanguage":"en-US","potentialAction":[{"@type":"ReadAction","target":["https:\/\/wildmoral.com\/en\/terms-and-conditions\/"]}]},{"@type":"BreadcrumbList","@id":"https:\/\/wildmoral.com\/en\/terms-and-conditions\/#breadcrumb","itemListElement":[{"@type":"ListItem","position":1,"name":"Portada","item":"https:\/\/wildmoral.com\/en\/"},{"@type":"ListItem","position":2,"name":"Terms and Conditions"}]},{"@type":"WebSite","@id":"https:\/\/wildmoral.com\/en\/#website","url":"https:\/\/wildmoral.com\/en\/","name":"Wildmoral","description":"Turismo de naturaleza","potentialAction":[{"@type":"SearchAction","target":{"@type":"EntryPoint","urlTemplate":"https:\/\/wildmoral.com\/en\/?s={search_term_string}"},"query-input":{"@type":"PropertyValueSpecification","valueRequired":true,"valueName":"search_term_string"}}],"inLanguage":"en-US"}]}},"_links":{"self":[{"href":"https:\/\/wildmoral.com\/en\/wp-json\/wp\/v2\/pages\/8555","targetHints":{"allow":["GET"]}}],"collection":[{"href":"https:\/\/wildmoral.com\/en\/wp-json\/wp\/v2\/pages"}],"about":[{"href":"https:\/\/wildmoral.com\/en\/wp-json\/wp\/v2\/types\/page"}],"author":[{"embeddable":true,"href":"https:\/\/wildmoral.com\/en\/wp-json\/wp\/v2\/users\/10"}],"replies":[{"embeddable":true,"href":"https:\/\/wildmoral.com\/en\/wp-json\/wp\/v2\/comments?post=8555"}],"version-history":[{"count":0,"href":"https:\/\/wildmoral.com\/en\/wp-json\/wp\/v2\/pages\/8555\/revisions"}],"wp:attachment":[{"href":"https:\/\/wildmoral.com\/en\/wp-json\/wp\/v2\/media?parent=8555"}],"curies":[{"name":"wp","href":"https:\/\/api.w.org\/{rel}","templated":true}]}}