{"id":8553,"date":"2018-07-02T15:49:48","date_gmt":"2018-07-02T13:49:48","guid":{"rendered":"https:\/\/wildmoral.com\/?page_id=8553"},"modified":"2023-02-03T14:22:14","modified_gmt":"2023-02-03T12:22:14","slug":"privacy-policy","status":"publish","type":"page","link":"https:\/\/wildmoral.com\/en\/privacy-policy\/","title":{"rendered":"Privacy policy"},"content":{"rendered":"\n<style type=\"text\/css\" data-created_by=\"avia_inline_auto\" id=\"style-css-av-kwozdaaa-49b2efcd4da3c327ad68ee97508c8a9c\">\n#top .av-special-heading.av-kwozdaaa-49b2efcd4da3c327ad68ee97508c8a9c{\npadding-bottom:10px;\n}\nbody .av-special-heading.av-kwozdaaa-49b2efcd4da3c327ad68ee97508c8a9c .av-special-heading-tag .heading-char{\nfont-size:25px;\n}\n.av-special-heading.av-kwozdaaa-49b2efcd4da3c327ad68ee97508c8a9c .av-subheading{\nfont-size:15px;\n}\n<\/style>\n<div  class='av-special-heading av-kwozdaaa-49b2efcd4da3c327ad68ee97508c8a9c av-special-heading-h1 blockquote modern-quote modern-centered  avia-builder-el-0  el_before_av_textblock  avia-builder-el-first '><h1 class='av-special-heading-tag '  itemprop=\"headline\"  >PRIVACY POLICY<\/h1><div class=\"special-heading-border\"><div class=\"special-heading-inner-border\"><\/div><\/div><\/div>\n<section  class='av_textblock_section av-b8d0g-2e780e428b2131a807671cf30df30f07 '   itemscope=\"itemscope\" itemtype=\"https:\/\/schema.org\/CreativeWork\" ><div class='avia_textblock'  itemprop=\"text\" ><p>Siguiendo los principios de licitud, lealtad y transparencia, ponemos a su disposici\u00f3n la presente Pol\u00edtica de Privacidad.<\/p>\n<p><strong>\u00bfQui\u00e9n es el Responsable del tratamiento de sus datos?<\/strong><\/p>\n<p>NOMBRE AUT\u00d3NOMO: Carlos Enrique L\u00f3pez Cubillo<br \/>\nNIF: 70073559B<br \/>\nDOMICILIO SOCIAL: Calle Madrid, 9. 28411, Moralzarzal, Madrid.<br \/>\nEmail: wildmoral@gmail.com<br \/>\nTel\u00e9fono: 677 538 268<br \/>\nDatos de contacto del delegado en protecci\u00f3n de datos: No se dispone de delegado.<\/p>\n<p><strong>\u00bfCon qu\u00e9 finalidad tratamos sus datos personales?<\/strong><\/p>\n<p>En Wildmoral tratamos la informaci\u00f3n que nos facilita con la finalidad de gestionar la relaci\u00f3n contractual que nos une, gestionar el env\u00edo de la informaci\u00f3n que nos solicita, facilitar a los interesados ofertas de nuestros servicios y\/o productos de su inter\u00e9s y\/o gestionar su candidatura.<\/p>\n<p><strong>\u00bfPor cu\u00e1nto tiempo conservaremos sus datos personales?<\/strong><\/p>\n<p>Sus datos, ser\u00e1n conservados el tiempo m\u00ednimo necesario para la correcta prestaci\u00f3n del servicio ofrecido as\u00ed como para atender las responsabilidades que se pudieran derivar del mismo y de cualquier otra exigencia legal.<\/p>\n<p><strong>\u00bfCu\u00e1l es la legitimaci\u00f3n para el tratamiento de sus datos?<\/strong><br \/>\nLa base legal para el tratamiento de sus datos personales puede ser la ejecuci\u00f3n de una relaci\u00f3n contractual potencial y\/o suscrita, el inter\u00e9s leg\u00edtimo, la habilitaci\u00f3n legal y\/o el consentimiento del propio interesado. Los datos que le solicitamos son adecuados, pertinentes y estrictamente necesarios y en ning\u00fan caso est\u00e1 obligado a facilit\u00e1rnoslos, pero su no comunicaci\u00f3n podr\u00e1 afectar a la finalidad del servicio o la imposibilidad de prestarlo.<\/p>\n<p><strong>\u00bfA qu\u00e9 destinatarios se comunicar\u00e1n sus datos?<\/strong><br \/>\nWILDMORAL no comunicar\u00e1 sus datos a ning\u00fan tercero, salvo que se informe de ello expresamente.<\/p>\n<p><strong>\u00bfCu\u00e1les son sus derechos cuando nos facilita sus datos?<\/strong><\/p>\n<p>Los derechos de protecci\u00f3n de datos de los que son titulares los interesados son:<\/p>\n<p>Derecho a solicitar el acceso a los datos personales relativos al interesado.<br \/>\nDerecho de rectificaci\u00f3n o supresi\u00f3n.<br \/>\nDerecho de oposici\u00f3n.<br \/>\nDerecho a solicitar la limitaci\u00f3n de su tratamiento.<br \/>\nDerecho a la portabilidad de los datos.<br \/>\nLos titulares de los datos personales obtenidos, podr\u00e1n ejercer sus derechos de protecci\u00f3n de datos personales dirigiendo una comunicaci\u00f3n por escrito al domicilio social de o al correo electr\u00f3nico habilitado a tal efecto, incluyendo en ambos casos fotocopia de su DNI u otro documento de identificaci\u00f3n equivalente.<br \/>\nModelos, formularios y m\u00e1s informaci\u00f3n disponible sobre sus derechos en la p\u00e1gina web de la autoridad de control nacional, Agencia Espa\u00f1ola de Protecci\u00f3n de Datos, en adelante, AEPD, <a href=\"http:\/\/www.agpd.es\/\">www.agpd.es<\/a><\/p>\n<p><strong>\u00bfPuedo retirar el consentimiento?<\/strong><\/p>\n<p>Usted tiene la posibilidad y el derecho a retirar el consentimiento para cualquiera finalidad espec\u00edfica otorgada en su momento, sin que ello afecte a la licitud del tratamiento basado en el consentimiento previo a su retirada.<\/p>\n<p><strong>\u00bfD\u00f3nde puedo reclamar en caso de que considere que no se tratan mis datos correctamente?<\/strong><\/p>\n<p>Si alg\u00fan interesado considera que sus datos no son tratados correctamente por puede dirigir sus reclamaciones al correo o a la autoridad de protecci\u00f3n de datos que corresponda, siendo la AEPD la indicada en el territorio nacional, www.agpd.es<\/p>\n<p><strong>Seguridad y actualizaci\u00f3n de sus datos personales<\/strong><\/p>\n<p>Con el objetivo de salvaguardar la seguridad de sus datos personales, le informamos que ha adoptado todas las medidas de \u00edndole t\u00e9cnica y organizativa necesarias para garantizar la seguridad de los datos personales suministrados. Todo ello para evitar su alteraci\u00f3n, p\u00e9rdida, y\/o tratamientos o accesos no autorizados, tal como exige la normativa, si bien la seguridad absoluta no existe.<\/p>\n<p>Es importante que, para que podamos mantener sus datos personales actualizados, nos informe siempre que se produzca una modificaci\u00f3n de los mismos.<\/p>\n<p><strong>Confidencialidad<\/strong><\/p>\n<p>Le informa que sus datos ser\u00e1n tratados con el m\u00e1ximo celo y confidencialidad por todo el personal que intervenga en cualquiera de las fases del tratamiento. No cederemos ni comunicaremos a ning\u00fan tercero sus datos, excepto en los casos legalmente previstos, o salvo que el interesado nos hubiera autorizado expresamente.<\/p>\n<\/div><\/section>\n","protected":false},"excerpt":{"rendered":"","protected":false},"author":10,"featured_media":0,"parent":0,"menu_order":0,"comment_status":"closed","ping_status":"closed","template":"","meta":{"_joinchat":[],"footnotes":""},"class_list":["post-8553","page","type-page","status-publish","hentry"],"yoast_head":"<!-- This site is optimized with the Yoast SEO plugin v27.4 - https:\/\/yoast.com\/product\/yoast-seo-wordpress\/ -->\n<title>Privacy policy | Wildmoral<\/title>\n<meta name=\"robots\" content=\"index, follow, max-snippet:-1, max-image-preview:large, max-video-preview:-1\" \/>\n<link rel=\"canonical\" href=\"https:\/\/wildmoral.com\/en\/privacy-policy\/\" \/>\n<meta property=\"og:locale\" content=\"en_US\" \/>\n<meta property=\"og:type\" content=\"article\" \/>\n<meta property=\"og:title\" content=\"Privacy policy | Wildmoral\" \/>\n<meta property=\"og:url\" content=\"https:\/\/wildmoral.com\/en\/privacy-policy\/\" \/>\n<meta property=\"og:site_name\" content=\"Wildmoral\" \/>\n<meta property=\"article:modified_time\" content=\"2023-02-03T12:22:14+00:00\" \/>\n<meta name=\"twitter:card\" content=\"summary_large_image\" \/>\n<meta name=\"twitter:label1\" content=\"Est. reading time\" \/>\n\t<meta name=\"twitter:data1\" content=\"4 minutes\" \/>\n<script type=\"application\/ld+json\" class=\"yoast-schema-graph\">{\"@context\":\"https:\\\/\\\/schema.org\",\"@graph\":[{\"@type\":\"WebPage\",\"@id\":\"https:\\\/\\\/wildmoral.com\\\/en\\\/privacy-policy\\\/\",\"url\":\"https:\\\/\\\/wildmoral.com\\\/en\\\/privacy-policy\\\/\",\"name\":\"Privacy policy | Wildmoral\",\"isPartOf\":{\"@id\":\"https:\\\/\\\/wildmoral.com\\\/en\\\/#website\"},\"datePublished\":\"2018-07-02T13:49:48+00:00\",\"dateModified\":\"2023-02-03T12:22:14+00:00\",\"breadcrumb\":{\"@id\":\"https:\\\/\\\/wildmoral.com\\\/en\\\/privacy-policy\\\/#breadcrumb\"},\"inLanguage\":\"en-US\",\"potentialAction\":[{\"@type\":\"ReadAction\",\"target\":[\"https:\\\/\\\/wildmoral.com\\\/en\\\/privacy-policy\\\/\"]}]},{\"@type\":\"BreadcrumbList\",\"@id\":\"https:\\\/\\\/wildmoral.com\\\/en\\\/privacy-policy\\\/#breadcrumb\",\"itemListElement\":[{\"@type\":\"ListItem\",\"position\":1,\"name\":\"Portada\",\"item\":\"https:\\\/\\\/wildmoral.com\\\/en\\\/\"},{\"@type\":\"ListItem\",\"position\":2,\"name\":\"Privacy policy\"}]},{\"@type\":\"WebSite\",\"@id\":\"https:\\\/\\\/wildmoral.com\\\/en\\\/#website\",\"url\":\"https:\\\/\\\/wildmoral.com\\\/en\\\/\",\"name\":\"Wildmoral\",\"description\":\"Turismo de naturaleza\",\"potentialAction\":[{\"@type\":\"SearchAction\",\"target\":{\"@type\":\"EntryPoint\",\"urlTemplate\":\"https:\\\/\\\/wildmoral.com\\\/en\\\/?s={search_term_string}\"},\"query-input\":{\"@type\":\"PropertyValueSpecification\",\"valueRequired\":true,\"valueName\":\"search_term_string\"}}],\"inLanguage\":\"en-US\"}]}<\/script>\n<!-- \/ Yoast SEO plugin. -->","yoast_head_json":{"title":"Privacy policy | Wildmoral","robots":{"index":"index","follow":"follow","max-snippet":"max-snippet:-1","max-image-preview":"max-image-preview:large","max-video-preview":"max-video-preview:-1"},"canonical":"https:\/\/wildmoral.com\/en\/privacy-policy\/","og_locale":"en_US","og_type":"article","og_title":"Privacy policy | Wildmoral","og_url":"https:\/\/wildmoral.com\/en\/privacy-policy\/","og_site_name":"Wildmoral","article_modified_time":"2023-02-03T12:22:14+00:00","twitter_card":"summary_large_image","twitter_misc":{"Est. reading time":"4 minutes"},"schema":{"@context":"https:\/\/schema.org","@graph":[{"@type":"WebPage","@id":"https:\/\/wildmoral.com\/en\/privacy-policy\/","url":"https:\/\/wildmoral.com\/en\/privacy-policy\/","name":"Privacy policy | Wildmoral","isPartOf":{"@id":"https:\/\/wildmoral.com\/en\/#website"},"datePublished":"2018-07-02T13:49:48+00:00","dateModified":"2023-02-03T12:22:14+00:00","breadcrumb":{"@id":"https:\/\/wildmoral.com\/en\/privacy-policy\/#breadcrumb"},"inLanguage":"en-US","potentialAction":[{"@type":"ReadAction","target":["https:\/\/wildmoral.com\/en\/privacy-policy\/"]}]},{"@type":"BreadcrumbList","@id":"https:\/\/wildmoral.com\/en\/privacy-policy\/#breadcrumb","itemListElement":[{"@type":"ListItem","position":1,"name":"Portada","item":"https:\/\/wildmoral.com\/en\/"},{"@type":"ListItem","position":2,"name":"Privacy policy"}]},{"@type":"WebSite","@id":"https:\/\/wildmoral.com\/en\/#website","url":"https:\/\/wildmoral.com\/en\/","name":"Wildmoral","description":"Turismo de naturaleza","potentialAction":[{"@type":"SearchAction","target":{"@type":"EntryPoint","urlTemplate":"https:\/\/wildmoral.com\/en\/?s={search_term_string}"},"query-input":{"@type":"PropertyValueSpecification","valueRequired":true,"valueName":"search_term_string"}}],"inLanguage":"en-US"}]}},"_links":{"self":[{"href":"https:\/\/wildmoral.com\/en\/wp-json\/wp\/v2\/pages\/8553","targetHints":{"allow":["GET"]}}],"collection":[{"href":"https:\/\/wildmoral.com\/en\/wp-json\/wp\/v2\/pages"}],"about":[{"href":"https:\/\/wildmoral.com\/en\/wp-json\/wp\/v2\/types\/page"}],"author":[{"embeddable":true,"href":"https:\/\/wildmoral.com\/en\/wp-json\/wp\/v2\/users\/10"}],"replies":[{"embeddable":true,"href":"https:\/\/wildmoral.com\/en\/wp-json\/wp\/v2\/comments?post=8553"}],"version-history":[{"count":0,"href":"https:\/\/wildmoral.com\/en\/wp-json\/wp\/v2\/pages\/8553\/revisions"}],"wp:attachment":[{"href":"https:\/\/wildmoral.com\/en\/wp-json\/wp\/v2\/media?parent=8553"}],"curies":[{"name":"wp","href":"https:\/\/api.w.org\/{rel}","templated":true}]}}